{"id":393,"date":"2021-09-20T11:24:46","date_gmt":"2021-09-20T11:24:46","guid":{"rendered":"https:\/\/programatierras.org\/redtierras\/?page_id=393"},"modified":"2023-02-22T15:35:04","modified_gmt":"2023-02-22T15:35:04","slug":"novedades","status":"publish","type":"page","link":"https:\/\/programatierras.org\/redtierras\/novedades\/","title":{"rendered":"Novedades"},"content":{"rendered":"\t\t<div data-elementor-type=\"wp-page\" data-elementor-id=\"393\" class=\"elementor elementor-393\" data-elementor-settings=\"{&quot;ha_cmc_init_switcher&quot;:&quot;no&quot;}\">\n\t\t\t\t\t\t<section class=\"elementor-section elementor-top-section elementor-element elementor-element-d10ba0c elementor-section-full_width elementor-section-height-default elementor-section-height-default\" data-id=\"d10ba0c\" data-element_type=\"section\" data-e-type=\"section\" data-settings=\"{&quot;background_background&quot;:&quot;classic&quot;,&quot;_ha_eqh_enable&quot;:false}\">\n\t\t\t\t\t\t<div class=\"elementor-container elementor-column-gap-default\">\n\t\t\t\t\t<div class=\"elementor-column elementor-col-100 elementor-top-column elementor-element elementor-element-6bae833\" data-id=\"6bae833\" data-element_type=\"column\" data-e-type=\"column\">\n\t\t\t<div class=\"elementor-widget-wrap elementor-element-populated\">\n\t\t\t\t\t\t<div class=\"elementor-element elementor-element-3f595f0 elementor-widget elementor-widget-image\" data-id=\"3f595f0\" data-element_type=\"widget\" data-e-type=\"widget\" data-widget_type=\"image.default\">\n\t\t\t\t<div class=\"elementor-widget-container\">\n\t\t\t\t\t\t\t\t\t\t\t\t\t\t\t<img fetchpriority=\"high\" decoding=\"async\" width=\"2048\" height=\"79\" src=\"https:\/\/programatierras.org\/redtierras\/wp-content\/uploads\/2021\/10\/banner-2048x79.jpg\" class=\"attachment-2048x2048 size-2048x2048 wp-image-483\" alt=\"\" srcset=\"https:\/\/programatierras.org\/redtierras\/wp-content\/uploads\/2021\/10\/banner-2048x79.jpg 2048w, https:\/\/programatierras.org\/redtierras\/wp-content\/uploads\/2021\/10\/banner-300x12.jpg 300w, https:\/\/programatierras.org\/redtierras\/wp-content\/uploads\/2021\/10\/banner-1024x40.jpg 1024w, https:\/\/programatierras.org\/redtierras\/wp-content\/uploads\/2021\/10\/banner-768x30.jpg 768w, https:\/\/programatierras.org\/redtierras\/wp-content\/uploads\/2021\/10\/banner-1536x60.jpg 1536w, https:\/\/programatierras.org\/redtierras\/wp-content\/uploads\/2021\/10\/banner-100x4.jpg 100w, https:\/\/programatierras.org\/redtierras\/wp-content\/uploads\/2021\/10\/banner-150x6.jpg 150w, https:\/\/programatierras.org\/redtierras\/wp-content\/uploads\/2021\/10\/banner-200x8.jpg 200w, https:\/\/programatierras.org\/redtierras\/wp-content\/uploads\/2021\/10\/banner-450x17.jpg 450w, https:\/\/programatierras.org\/redtierras\/wp-content\/uploads\/2021\/10\/banner-600x23.jpg 600w, https:\/\/programatierras.org\/redtierras\/wp-content\/uploads\/2021\/10\/banner-900x35.jpg 900w, https:\/\/programatierras.org\/redtierras\/wp-content\/uploads\/2021\/10\/banner.jpg 1920w\" sizes=\"(max-width: 2048px) 100vw, 2048px\" \/>\t\t\t\t\t\t\t\t\t\t\t\t\t\t\t<\/div>\n\t\t\t\t<\/div>\n\t\t\t\t\t<\/div>\n\t\t<\/div>\n\t\t\t\t\t<\/div>\n\t\t<\/section>\n\t\t\t\t<section class=\"elementor-section elementor-top-section elementor-element elementor-element-3a6980d0 elementor-section-full_width elementor-section-height-default elementor-section-height-default\" data-id=\"3a6980d0\" data-element_type=\"section\" data-e-type=\"section\" data-settings=\"{&quot;background_background&quot;:&quot;classic&quot;,&quot;_ha_eqh_enable&quot;:false}\">\n\t\t\t\t\t\t<div class=\"elementor-container elementor-column-gap-default\">\n\t\t\t\t\t<div class=\"elementor-column elementor-col-50 elementor-top-column elementor-element elementor-element-3bea0d43\" data-id=\"3bea0d43\" data-element_type=\"column\" data-e-type=\"column\">\n\t\t\t<div class=\"elementor-widget-wrap elementor-element-populated\">\n\t\t\t\t\t\t<div class=\"elementor-element elementor-element-733e0538 elementor-widget elementor-widget-image\" data-id=\"733e0538\" data-element_type=\"widget\" data-e-type=\"widget\" data-widget_type=\"image.default\">\n\t\t\t\t<div class=\"elementor-widget-container\">\n\t\t\t\t\t\t\t\t\t\t\t\t\t\t\t<img decoding=\"async\" width=\"300\" height=\"89\" src=\"https:\/\/programatierras.org\/redtierras\/wp-content\/uploads\/2021\/10\/logo-sofias-300x89.jpg\" class=\"attachment-responsive-300 size-responsive-300 wp-image-487\" alt=\"\" srcset=\"https:\/\/programatierras.org\/redtierras\/wp-content\/uploads\/2021\/10\/logo-sofias-300x89.jpg 300w, https:\/\/programatierras.org\/redtierras\/wp-content\/uploads\/2021\/10\/logo-sofias-768x227.jpg 768w, https:\/\/programatierras.org\/redtierras\/wp-content\/uploads\/2021\/10\/logo-sofias-100x30.jpg 100w, https:\/\/programatierras.org\/redtierras\/wp-content\/uploads\/2021\/10\/logo-sofias-150x44.jpg 150w, https:\/\/programatierras.org\/redtierras\/wp-content\/uploads\/2021\/10\/logo-sofias-200x59.jpg 200w, https:\/\/programatierras.org\/redtierras\/wp-content\/uploads\/2021\/10\/logo-sofias-450x133.jpg 450w, https:\/\/programatierras.org\/redtierras\/wp-content\/uploads\/2021\/10\/logo-sofias-600x177.jpg 600w, https:\/\/programatierras.org\/redtierras\/wp-content\/uploads\/2021\/10\/logo-sofias-900x266.jpg 900w, https:\/\/programatierras.org\/redtierras\/wp-content\/uploads\/2021\/10\/logo-sofias.jpg 917w\" sizes=\"(max-width: 300px) 100vw, 300px\" \/>\t\t\t\t\t\t\t\t\t\t\t\t\t\t\t<\/div>\n\t\t\t\t<\/div>\n\t\t\t\t\t<\/div>\n\t\t<\/div>\n\t\t\t\t<div class=\"elementor-column elementor-col-50 elementor-top-column elementor-element elementor-element-36a194b5\" data-id=\"36a194b5\" data-element_type=\"column\" data-e-type=\"column\">\n\t\t\t<div class=\"elementor-widget-wrap elementor-element-populated\">\n\t\t\t\t\t\t<div class=\"elementor-element elementor-element-3ea6f5be elementor-widget elementor-widget-image\" data-id=\"3ea6f5be\" data-element_type=\"widget\" data-e-type=\"widget\" data-widget_type=\"image.default\">\n\t\t\t\t<div class=\"elementor-widget-container\">\n\t\t\t\t\t\t\t\t\t\t\t\t\t\t\t<img decoding=\"async\" width=\"450\" height=\"217\" src=\"https:\/\/programatierras.org\/redtierras\/wp-content\/uploads\/2021\/10\/logo-sofia-450x217.jpg\" class=\"attachment-responsive-450 size-responsive-450 wp-image-488\" alt=\"\" srcset=\"https:\/\/programatierras.org\/redtierras\/wp-content\/uploads\/2021\/10\/logo-sofia-450x217.jpg 450w, https:\/\/programatierras.org\/redtierras\/wp-content\/uploads\/2021\/10\/logo-sofia-300x145.jpg 300w, https:\/\/programatierras.org\/redtierras\/wp-content\/uploads\/2021\/10\/logo-sofia-768x371.jpg 768w, https:\/\/programatierras.org\/redtierras\/wp-content\/uploads\/2021\/10\/logo-sofia-100x48.jpg 100w, https:\/\/programatierras.org\/redtierras\/wp-content\/uploads\/2021\/10\/logo-sofia-150x72.jpg 150w, https:\/\/programatierras.org\/redtierras\/wp-content\/uploads\/2021\/10\/logo-sofia-200x97.jpg 200w, https:\/\/programatierras.org\/redtierras\/wp-content\/uploads\/2021\/10\/logo-sofia-600x290.jpg 600w, https:\/\/programatierras.org\/redtierras\/wp-content\/uploads\/2021\/10\/logo-sofia-900x434.jpg 900w, https:\/\/programatierras.org\/redtierras\/wp-content\/uploads\/2021\/10\/logo-sofia.jpg 955w\" sizes=\"(max-width: 450px) 100vw, 450px\" \/>\t\t\t\t\t\t\t\t\t\t\t\t\t\t\t<\/div>\n\t\t\t\t<\/div>\n\t\t\t\t\t<\/div>\n\t\t<\/div>\n\t\t\t\t\t<\/div>\n\t\t<\/section>\n\t\t\t\t<section class=\"elementor-section elementor-top-section elementor-element elementor-element-60e20d2b elementor-section-full_width elementor-section-height-default elementor-section-height-default\" data-id=\"60e20d2b\" data-element_type=\"section\" data-e-type=\"section\" data-settings=\"{&quot;background_background&quot;:&quot;classic&quot;,&quot;_ha_eqh_enable&quot;:false}\">\n\t\t\t\t\t\t<div class=\"elementor-container elementor-column-gap-default\">\n\t\t\t\t\t<div class=\"elementor-column elementor-col-100 elementor-top-column elementor-element elementor-element-38fd11d4\" data-id=\"38fd11d4\" data-element_type=\"column\" data-e-type=\"column\">\n\t\t\t<div class=\"elementor-widget-wrap elementor-element-populated\">\n\t\t\t\t\t\t<div class=\"elementor-element elementor-element-7b2efa3a elementor-widget elementor-widget-image\" data-id=\"7b2efa3a\" data-element_type=\"widget\" data-e-type=\"widget\" data-widget_type=\"image.default\">\n\t\t\t\t<div class=\"elementor-widget-container\">\n\t\t\t\t\t\t\t\t\t\t\t\t\t\t\t<img fetchpriority=\"high\" decoding=\"async\" width=\"2048\" height=\"79\" src=\"https:\/\/programatierras.org\/redtierras\/wp-content\/uploads\/2021\/10\/banner-2048x79.jpg\" class=\"attachment-2048x2048 size-2048x2048 wp-image-483\" alt=\"\" srcset=\"https:\/\/programatierras.org\/redtierras\/wp-content\/uploads\/2021\/10\/banner-2048x79.jpg 2048w, https:\/\/programatierras.org\/redtierras\/wp-content\/uploads\/2021\/10\/banner-300x12.jpg 300w, https:\/\/programatierras.org\/redtierras\/wp-content\/uploads\/2021\/10\/banner-1024x40.jpg 1024w, https:\/\/programatierras.org\/redtierras\/wp-content\/uploads\/2021\/10\/banner-768x30.jpg 768w, https:\/\/programatierras.org\/redtierras\/wp-content\/uploads\/2021\/10\/banner-1536x60.jpg 1536w, https:\/\/programatierras.org\/redtierras\/wp-content\/uploads\/2021\/10\/banner-100x4.jpg 100w, https:\/\/programatierras.org\/redtierras\/wp-content\/uploads\/2021\/10\/banner-150x6.jpg 150w, https:\/\/programatierras.org\/redtierras\/wp-content\/uploads\/2021\/10\/banner-200x8.jpg 200w, https:\/\/programatierras.org\/redtierras\/wp-content\/uploads\/2021\/10\/banner-450x17.jpg 450w, https:\/\/programatierras.org\/redtierras\/wp-content\/uploads\/2021\/10\/banner-600x23.jpg 600w, https:\/\/programatierras.org\/redtierras\/wp-content\/uploads\/2021\/10\/banner-900x35.jpg 900w, https:\/\/programatierras.org\/redtierras\/wp-content\/uploads\/2021\/10\/banner.jpg 1920w\" sizes=\"(max-width: 2048px) 100vw, 2048px\" \/>\t\t\t\t\t\t\t\t\t\t\t\t\t\t\t<\/div>\n\t\t\t\t<\/div>\n\t\t\t\t\t<\/div>\n\t\t<\/div>\n\t\t\t\t\t<\/div>\n\t\t<\/section>\n\t\t\t\t<section class=\"elementor-section elementor-inner-section elementor-element elementor-element-34a3487d elementor-section-full_width elementor-section-height-default elementor-section-height-default\" data-id=\"34a3487d\" data-element_type=\"section\" data-e-type=\"section\" data-settings=\"{&quot;_ha_eqh_enable&quot;:false}\">\n\t\t\t\t\t\t<div class=\"elementor-container elementor-column-gap-default\">\n\t\t\t\t\t<div class=\"elementor-column elementor-col-100 elementor-inner-column elementor-element elementor-element-7c1fe95d\" data-id=\"7c1fe95d\" data-element_type=\"column\" data-e-type=\"column\" data-settings=\"{&quot;background_background&quot;:&quot;classic&quot;}\">\n\t\t\t<div class=\"elementor-widget-wrap elementor-element-populated\">\n\t\t\t\t\t\t<div class=\"elementor-element elementor-element-1bf619e5 elementor-widget elementor-widget-heading\" data-id=\"1bf619e5\" data-element_type=\"widget\" data-e-type=\"widget\" data-widget_type=\"heading.default\">\n\t\t\t\t<div class=\"elementor-widget-container\">\n\t\t\t\t\t<span class=\"elementor-heading-title elementor-size-default\">La Red Latinoamericana y Caribe\u00f1a de Tierras cumpli\u00f3 su primer a\u00f1o. Mira aqu\u00ed el video de\nconmemoraci\u00f3n de estos primeros meses de trabajo conjunto latinoamericano y caribe\u00f1o.<\/span>\t\t\t\t<\/div>\n\t\t\t\t<\/div>\n\t\t\t\t\t<\/div>\n\t\t<\/div>\n\t\t\t\t\t<\/div>\n\t\t<\/section>\n\t\t\t\t<section class=\"elementor-section elementor-inner-section elementor-element elementor-element-37932abc elementor-section-boxed elementor-section-height-default elementor-section-height-default\" data-id=\"37932abc\" data-element_type=\"section\" data-e-type=\"section\" data-settings=\"{&quot;background_background&quot;:&quot;classic&quot;,&quot;_ha_eqh_enable&quot;:false}\">\n\t\t\t\t\t\t<div class=\"elementor-container elementor-column-gap-no\">\n\t\t\t\t\t<div class=\"elementor-column elementor-col-50 elementor-inner-column elementor-element elementor-element-7692a095\" data-id=\"7692a095\" data-element_type=\"column\" data-e-type=\"column\" data-settings=\"{&quot;background_background&quot;:&quot;classic&quot;}\">\n\t\t\t<div class=\"elementor-widget-wrap elementor-element-populated\">\n\t\t\t\t\t<div class=\"elementor-background-overlay\"><\/div>\n\t\t\t\t\t\t<div class=\"elementor-element elementor-element-659f0811 elementor-align-center elementor-widget elementor-widget-button\" data-id=\"659f0811\" data-element_type=\"widget\" data-e-type=\"widget\" data-widget_type=\"button.default\">\n\t\t\t\t<div class=\"elementor-widget-container\">\n\t\t\t\t\t\t\t\t\t<div class=\"elementor-button-wrapper\">\n\t\t\t\t\t<a class=\"elementor-button elementor-button-link elementor-size-xl\" href=\"https:\/\/programatierras.org\/redtierras\/ii-seminario-interinstitucional-en-formacion-investigacion-y-accion-del-programalatinoamericano-y-de-la-red-latinoamericana-y-caribena-de-tierras-la-esperanza-deseguir-tejiendo-fraternidad-y-trabajo\/\">\n\t\t\t\t\t\t<span class=\"elementor-button-content-wrapper\">\n\t\t\t\t\t\t\t\t\t<span class=\"elementor-button-text\">Ver<\/span>\n\t\t\t\t\t<\/span>\n\t\t\t\t\t<\/a>\n\t\t\t\t<\/div>\n\t\t\t\t\t\t\t\t<\/div>\n\t\t\t\t<\/div>\n\t\t\t\t\t<\/div>\n\t\t<\/div>\n\t\t\t\t<div class=\"elementor-column elementor-col-50 elementor-inner-column elementor-element elementor-element-15a9708f\" data-id=\"15a9708f\" data-element_type=\"column\" data-e-type=\"column\" data-settings=\"{&quot;background_background&quot;:&quot;classic&quot;}\">\n\t\t\t<div class=\"elementor-widget-wrap elementor-element-populated\">\n\t\t\t\t\t\t<div class=\"elementor-element elementor-element-636026f2 elementor-widget-divider--view-line elementor-widget elementor-widget-divider\" data-id=\"636026f2\" data-element_type=\"widget\" data-e-type=\"widget\" data-widget_type=\"divider.default\">\n\t\t\t\t<div class=\"elementor-widget-container\">\n\t\t\t\t\t\t\t<div class=\"elementor-divider\">\n\t\t\t<span class=\"elementor-divider-separator\">\n\t\t\t\t\t\t<\/span>\n\t\t<\/div>\n\t\t\t\t\t\t<\/div>\n\t\t\t\t<\/div>\n\t\t\t\t<div class=\"elementor-element elementor-element-6e2696f2 elementor-widget elementor-widget-heading\" data-id=\"6e2696f2\" data-element_type=\"widget\" data-e-type=\"widget\" data-widget_type=\"heading.default\">\n\t\t\t\t<div class=\"elementor-widget-container\">\n\t\t\t\t\t<h2 class=\"elementor-heading-title elementor-size-default\">II Seminario Interinstitucional en formaci\u00f3n, investigaci\u00f3n y acci\u00f3n del Programa\nLatinoamericano y de la Red Latinoamericana y Caribe\u00f1a de Tierras: La esperanza de\nseguir tejiendo fraternidad y trabajo conjunto en todo el continente<\/h2>\t\t\t\t<\/div>\n\t\t\t\t<\/div>\n\t\t\t\t\t<\/div>\n\t\t<\/div>\n\t\t\t\t\t<\/div>\n\t\t<\/section>\n\t\t\t\t<section class=\"elementor-section elementor-inner-section elementor-element elementor-element-59a3f0d elementor-section-boxed elementor-section-height-default elementor-section-height-default\" data-id=\"59a3f0d\" data-element_type=\"section\" data-e-type=\"section\" data-settings=\"{&quot;background_background&quot;:&quot;classic&quot;,&quot;_ha_eqh_enable&quot;:false}\">\n\t\t\t\t\t\t<div class=\"elementor-container elementor-column-gap-no\">\n\t\t\t\t\t<div class=\"elementor-column elementor-col-50 elementor-inner-column elementor-element elementor-element-e3f3fd4\" data-id=\"e3f3fd4\" data-element_type=\"column\" data-e-type=\"column\" data-settings=\"{&quot;background_background&quot;:&quot;classic&quot;}\">\n\t\t\t<div class=\"elementor-widget-wrap elementor-element-populated\">\n\t\t\t\t\t\t<div class=\"elementor-element elementor-element-2c29df2 elementor-align-center elementor-widget elementor-widget-button\" data-id=\"2c29df2\" data-element_type=\"widget\" data-e-type=\"widget\" data-widget_type=\"button.default\">\n\t\t\t\t<div class=\"elementor-widget-container\">\n\t\t\t\t\t\t\t\t\t<div class=\"elementor-button-wrapper\">\n\t\t\t\t\t<a class=\"elementor-button elementor-button-link elementor-size-xl\" href=\"https:\/\/www.youtube.com\/watch?v=4tkFvbiyIwI\">\n\t\t\t\t\t\t<span class=\"elementor-button-content-wrapper\">\n\t\t\t\t\t\t\t\t\t<span class=\"elementor-button-text\">Ver<\/span>\n\t\t\t\t\t<\/span>\n\t\t\t\t\t<\/a>\n\t\t\t\t<\/div>\n\t\t\t\t\t\t\t\t<\/div>\n\t\t\t\t<\/div>\n\t\t\t\t\t<\/div>\n\t\t<\/div>\n\t\t\t\t<div class=\"elementor-column elementor-col-50 elementor-inner-column elementor-element elementor-element-53035f3\" data-id=\"53035f3\" data-element_type=\"column\" data-e-type=\"column\" data-settings=\"{&quot;background_background&quot;:&quot;classic&quot;}\">\n\t\t\t<div class=\"elementor-widget-wrap elementor-element-populated\">\n\t\t\t\t\t\t<div class=\"elementor-element elementor-element-5229245 elementor-widget-divider--view-line elementor-widget elementor-widget-divider\" data-id=\"5229245\" data-element_type=\"widget\" data-e-type=\"widget\" data-widget_type=\"divider.default\">\n\t\t\t\t<div class=\"elementor-widget-container\">\n\t\t\t\t\t\t\t<div class=\"elementor-divider\">\n\t\t\t<span class=\"elementor-divider-separator\">\n\t\t\t\t\t\t<\/span>\n\t\t<\/div>\n\t\t\t\t\t\t<\/div>\n\t\t\t\t<\/div>\n\t\t\t\t<div class=\"elementor-element elementor-element-4fbde69 elementor-widget elementor-widget-heading\" data-id=\"4fbde69\" data-element_type=\"widget\" data-e-type=\"widget\" data-widget_type=\"heading.default\">\n\t\t\t\t<div class=\"elementor-widget-container\">\n\t\t\t\t\t<h2 class=\"elementor-heading-title elementor-size-default\">Primer Aniversario del Encuentro de Tocancip\u00e1<\/h2>\t\t\t\t<\/div>\n\t\t\t\t<\/div>\n\t\t\t\t\t<\/div>\n\t\t<\/div>\n\t\t\t\t\t<\/div>\n\t\t<\/section>\n\t\t\t\t<section class=\"elementor-section elementor-inner-section elementor-element elementor-element-76160fe elementor-section-boxed elementor-section-height-default elementor-section-height-default\" data-id=\"76160fe\" data-element_type=\"section\" data-e-type=\"section\" data-settings=\"{&quot;background_background&quot;:&quot;classic&quot;,&quot;_ha_eqh_enable&quot;:false}\">\n\t\t\t\t\t\t<div class=\"elementor-container elementor-column-gap-no\">\n\t\t\t\t\t<div class=\"elementor-column elementor-col-50 elementor-inner-column elementor-element elementor-element-1d74890\" data-id=\"1d74890\" data-element_type=\"column\" data-e-type=\"column\" data-settings=\"{&quot;background_background&quot;:&quot;classic&quot;}\">\n\t\t\t<div class=\"elementor-widget-wrap elementor-element-populated\">\n\t\t\t\t\t\t<div class=\"elementor-element elementor-element-6521be1 elementor-align-center elementor-widget elementor-widget-button\" data-id=\"6521be1\" data-element_type=\"widget\" data-e-type=\"widget\" data-widget_type=\"button.default\">\n\t\t\t\t<div class=\"elementor-widget-container\">\n\t\t\t\t\t\t\t\t\t<div class=\"elementor-button-wrapper\">\n\t\t\t\t\t<a class=\"elementor-button elementor-button-link elementor-size-xl\" href=\"https:\/\/www.youtube.com\/watch?v=qLpaKVehbfE\">\n\t\t\t\t\t\t<span class=\"elementor-button-content-wrapper\">\n\t\t\t\t\t\t\t\t\t<span class=\"elementor-button-text\">Ver<\/span>\n\t\t\t\t\t<\/span>\n\t\t\t\t\t<\/a>\n\t\t\t\t<\/div>\n\t\t\t\t\t\t\t\t<\/div>\n\t\t\t\t<\/div>\n\t\t\t\t\t<\/div>\n\t\t<\/div>\n\t\t\t\t<div class=\"elementor-column elementor-col-50 elementor-inner-column elementor-element elementor-element-928da7d\" data-id=\"928da7d\" data-element_type=\"column\" data-e-type=\"column\" data-settings=\"{&quot;background_background&quot;:&quot;classic&quot;}\">\n\t\t\t<div class=\"elementor-widget-wrap elementor-element-populated\">\n\t\t\t\t\t\t<div class=\"elementor-element elementor-element-3f4ab99 elementor-widget-divider--view-line elementor-widget elementor-widget-divider\" data-id=\"3f4ab99\" data-element_type=\"widget\" data-e-type=\"widget\" data-widget_type=\"divider.default\">\n\t\t\t\t<div class=\"elementor-widget-container\">\n\t\t\t\t\t\t\t<div class=\"elementor-divider\">\n\t\t\t<span class=\"elementor-divider-separator\">\n\t\t\t\t\t\t<\/span>\n\t\t<\/div>\n\t\t\t\t\t\t<\/div>\n\t\t\t\t<\/div>\n\t\t\t\t<div class=\"elementor-element elementor-element-cf39c2c elementor-widget elementor-widget-heading\" data-id=\"cf39c2c\" data-element_type=\"widget\" data-e-type=\"widget\" data-widget_type=\"heading.default\">\n\t\t\t\t<div class=\"elementor-widget-container\">\n\t\t\t\t\t<h2 class=\"elementor-heading-title elementor-size-default\">Una mirada r\u00e1pida al Itinerario Formativo Acceso a la Tierra y Producciones Sustentables<\/h2>\t\t\t\t<\/div>\n\t\t\t\t<\/div>\n\t\t\t\t\t<\/div>\n\t\t<\/div>\n\t\t\t\t\t<\/div>\n\t\t<\/section>\n\t\t\t\t<section class=\"elementor-section elementor-top-section elementor-element elementor-element-36c42c89 elementor-section-full_width elementor-section-height-default elementor-section-height-default\" data-id=\"36c42c89\" data-element_type=\"section\" data-e-type=\"section\" data-settings=\"{&quot;background_background&quot;:&quot;classic&quot;,&quot;_ha_eqh_enable&quot;:false}\">\n\t\t\t\t\t\t<div class=\"elementor-container elementor-column-gap-default\">\n\t\t\t\t\t<div class=\"elementor-column elementor-col-100 elementor-top-column elementor-element elementor-element-1c511c52\" data-id=\"1c511c52\" data-element_type=\"column\" data-e-type=\"column\">\n\t\t\t<div class=\"elementor-widget-wrap elementor-element-populated\">\n\t\t\t\t\t\t<div class=\"elementor-element elementor-element-7a81fa1c elementor-widget elementor-widget-image\" data-id=\"7a81fa1c\" data-element_type=\"widget\" data-e-type=\"widget\" data-widget_type=\"image.default\">\n\t\t\t\t<div class=\"elementor-widget-container\">\n\t\t\t\t\t\t\t\t\t\t\t\t\t\t\t<img fetchpriority=\"high\" decoding=\"async\" width=\"2048\" height=\"79\" src=\"https:\/\/programatierras.org\/redtierras\/wp-content\/uploads\/2021\/10\/banner-2048x79.jpg\" class=\"attachment-2048x2048 size-2048x2048 wp-image-483\" alt=\"\" srcset=\"https:\/\/programatierras.org\/redtierras\/wp-content\/uploads\/2021\/10\/banner-2048x79.jpg 2048w, https:\/\/programatierras.org\/redtierras\/wp-content\/uploads\/2021\/10\/banner-300x12.jpg 300w, https:\/\/programatierras.org\/redtierras\/wp-content\/uploads\/2021\/10\/banner-1024x40.jpg 1024w, https:\/\/programatierras.org\/redtierras\/wp-content\/uploads\/2021\/10\/banner-768x30.jpg 768w, https:\/\/programatierras.org\/redtierras\/wp-content\/uploads\/2021\/10\/banner-1536x60.jpg 1536w, https:\/\/programatierras.org\/redtierras\/wp-content\/uploads\/2021\/10\/banner-100x4.jpg 100w, https:\/\/programatierras.org\/redtierras\/wp-content\/uploads\/2021\/10\/banner-150x6.jpg 150w, https:\/\/programatierras.org\/redtierras\/wp-content\/uploads\/2021\/10\/banner-200x8.jpg 200w, https:\/\/programatierras.org\/redtierras\/wp-content\/uploads\/2021\/10\/banner-450x17.jpg 450w, https:\/\/programatierras.org\/redtierras\/wp-content\/uploads\/2021\/10\/banner-600x23.jpg 600w, https:\/\/programatierras.org\/redtierras\/wp-content\/uploads\/2021\/10\/banner-900x35.jpg 900w, https:\/\/programatierras.org\/redtierras\/wp-content\/uploads\/2021\/10\/banner.jpg 1920w\" sizes=\"(max-width: 2048px) 100vw, 2048px\" \/>\t\t\t\t\t\t\t\t\t\t\t\t\t\t\t<\/div>\n\t\t\t\t<\/div>\n\t\t\t\t\t<\/div>\n\t\t<\/div>\n\t\t\t\t\t<\/div>\n\t\t<\/section>\n\t\t\t\t<section class=\"elementor-section elementor-top-section elementor-element elementor-element-35c45a0b elementor-section-full_width elementor-section-height-min-height elementor-section-height-default elementor-section-items-middle\" data-id=\"35c45a0b\" data-element_type=\"section\" data-e-type=\"section\" data-settings=\"{&quot;background_background&quot;:&quot;classic&quot;,&quot;_ha_eqh_enable&quot;:false}\">\n\t\t\t\t\t\t<div class=\"elementor-container elementor-column-gap-default\">\n\t\t\t\t\t<div data-ha-element-link=\"{&quot;url&quot;:&quot;https:\\\/\\\/programatierras.org&quot;,&quot;is_external&quot;:&quot;on&quot;,&quot;nofollow&quot;:&quot;&quot;}\" style=\"cursor: pointer\" class=\"elementor-column elementor-col-100 elementor-top-column elementor-element elementor-element-520f1734\" data-id=\"520f1734\" data-element_type=\"column\" data-e-type=\"column\">\n\t\t\t<div class=\"elementor-widget-wrap elementor-element-populated\">\n\t\t\t\t\t\t<div class=\"elementor-element elementor-element-20603e6d elementor-widget elementor-widget-heading\" data-id=\"20603e6d\" data-element_type=\"widget\" data-e-type=\"widget\" data-widget_type=\"heading.default\">\n\t\t\t\t<div class=\"elementor-widget-container\">\n\t\t\t\t\t<h2 class=\"elementor-heading-title elementor-size-default\"><a href=\"https:\/\/programatierras.org\/redtierras\/\">HOME<\/a><\/h2>\t\t\t\t<\/div>\n\t\t\t\t<\/div>\n\t\t\t\t\t<\/div>\n\t\t<\/div>\n\t\t\t\t\t<\/div>\n\t\t<\/section>\n\t\t\t\t<\/div>\n\t\t","protected":false},"excerpt":{"rendered":"<p>La Red Latinoamericana y Caribe\u00f1a de Tierras cumpli\u00f3 su primer a\u00f1o. Mira aqu\u00ed el video de conmemoraci\u00f3n de estos primeros meses de trabajo conjunto latinoamericano y caribe\u00f1o. Ver II Seminario Interinstitucional en formaci\u00f3n, investigaci\u00f3n y acci\u00f3n del Programa Latinoamericano y &hellip;<\/p>\n<p class=\"read-more\"> <a class=\"more-link\" href=\"https:\/\/programatierras.org\/redtierras\/novedades\/\"> <span class=\"screen-reader-text\">Novedades<\/span> Leer m\u00e1s \u00bb<\/a><\/p>\n","protected":false},"author":2,"featured_media":0,"parent":0,"menu_order":0,"comment_status":"closed","ping_status":"closed","template":"elementor_header_footer","meta":{"footnotes":""},"class_list":["post-393","page","type-page","status-publish","hentry"],"_links":{"self":[{"href":"https:\/\/programatierras.org\/redtierras\/wp-json\/wp\/v2\/pages\/393","targetHints":{"allow":["GET"]}}],"collection":[{"href":"https:\/\/programatierras.org\/redtierras\/wp-json\/wp\/v2\/pages"}],"about":[{"href":"https:\/\/programatierras.org\/redtierras\/wp-json\/wp\/v2\/types\/page"}],"author":[{"embeddable":true,"href":"https:\/\/programatierras.org\/redtierras\/wp-json\/wp\/v2\/users\/2"}],"replies":[{"embeddable":true,"href":"https:\/\/programatierras.org\/redtierras\/wp-json\/wp\/v2\/comments?post=393"}],"version-history":[{"count":0,"href":"https:\/\/programatierras.org\/redtierras\/wp-json\/wp\/v2\/pages\/393\/revisions"}],"wp:attachment":[{"href":"https:\/\/programatierras.org\/redtierras\/wp-json\/wp\/v2\/media?parent=393"}],"curies":[{"name":"wp","href":"https:\/\/api.w.org\/{rel}","templated":true}]}}